{"id":18898,"date":"2020-09-25T12:49:07","date_gmt":"2021-08-26T08:08:49","guid":{"rendered":"https:\/\/astrus.pl\/produkt\/3517s-balancoire-avec-siege-pour-enfants-handicapes\/"},"modified":"2025-06-11T12:40:33","modified_gmt":"2025-06-11T10:40:33","slug":"3517s-balancoire-avec-siege-pour-enfants-handicapes","status":"publish","type":"product","link":"https:\/\/astrus.pl\/fr\/produkt\/3517s-balancoire-avec-siege-pour-enfants-handicapes\/","title":{"rendered":"3517S BALAN\u00c7OIRE AVEC SI\u00c8GE POUR ENFANTS HANDICAP\u00c9S"},"content":{"rendered":"\r\n<table class=\"wp-block-table has-fixed-layout is-style-stripes\">\r\n<tbody>\r\n<tr>\r\n<td><strong>Dimensions<\/strong><\/td>\r\n<td>2,7 x 3,0 m<\/td>\r\n<\/tr>\r\n<tr>\r\n<td><strong>Zone de s\u00e9curit\u00e9<\/strong><\/td>\r\n<td>8,4 x 3,0 m<\/td>\r\n<\/tr>\r\n<tr>\r\n<td><strong>Hauteur maximale<\/strong><\/td>\r\n<td>2,65 m<\/td>\r\n<\/tr>\r\n<tr>\r\n<td><strong>Hauteur de chute<\/strong><\/td>\r\n<td>1,65 m<\/td>\r\n<\/tr>\r\n<tr>\r\n<td><strong>Tranche d&rsquo;\u0105ge<\/strong><\/td>\r\n<td>3+<\/td>\r\n<\/tr>\r\n<tr>\r\n<td><strong>Conformit\u00e9 avec PN-EN1176<\/strong><\/td>\r\n<td>OUI<\/td>\r\n<\/tr>\r\n<\/tbody>\r\n<\/table>\r\n","protected":false},"excerpt":{"rendered":"<p><span style=\"color: #000080;\"><a style=\"color: #000080;\" href=\"https:\/\/astrus.pl\/wp-content\/uploads\/2025\/02\/3517S-S_HSP-T.I..pdf\">\u2193 Fiche technique.PDF<\/a><\/span><\/p>\n<p><span style=\"color: #000080;\"><a style=\"color: #000080;\" href=\"https:\/\/astrus.pl\/wp-content\/uploads\/2025\/02\/3517S-S_HSP_DWG.dwg\">\u2193 Vue en plan 2D .DWG<\/a><\/span><\/p>\n","protected":false},"featured_media":33252,"template":"","meta":{"om_disable_all_campaigns":false,"_monsterinsights_skip_tracking":false,"_monsterinsights_sitenote_active":false,"_monsterinsights_sitenote_note":"","_monsterinsights_sitenote_category":0},"product_cat":[195],"product_tag":[],"aioseo_notices":[],"_links":{"self":[{"href":"https:\/\/astrus.pl\/fr\/wp-json\/wp\/v2\/product\/18898"}],"collection":[{"href":"https:\/\/astrus.pl\/fr\/wp-json\/wp\/v2\/product"}],"about":[{"href":"https:\/\/astrus.pl\/fr\/wp-json\/wp\/v2\/types\/product"}],"version-history":[{"count":7,"href":"https:\/\/astrus.pl\/fr\/wp-json\/wp\/v2\/product\/18898\/revisions"}],"predecessor-version":[{"id":40400,"href":"https:\/\/astrus.pl\/fr\/wp-json\/wp\/v2\/product\/18898\/revisions\/40400"}],"wp:featuredmedia":[{"embeddable":true,"href":"https:\/\/astrus.pl\/fr\/wp-json\/wp\/v2\/media\/33252"}],"wp:attachment":[{"href":"https:\/\/astrus.pl\/fr\/wp-json\/wp\/v2\/media?parent=18898"}],"wp:term":[{"taxonomy":"product_cat","embeddable":true,"href":"https:\/\/astrus.pl\/fr\/wp-json\/wp\/v2\/product_cat?post=18898"},{"taxonomy":"product_tag","embeddable":true,"href":"https:\/\/astrus.pl\/fr\/wp-json\/wp\/v2\/product_tag?post=18898"}],"curies":[{"name":"wp","href":"https:\/\/api.w.org\/{rel}","templated":true}]}}